{"id":1069,"date":"2019-06-06T08:49:30","date_gmt":"2019-06-06T08:49:30","guid":{"rendered":"https:\/\/demo.wpslash.com\/woofood\/stag\/?page_id=1069"},"modified":"2026-04-01T22:27:31","modified_gmt":"2026-04-01T20:27:31","slug":"accordion-icons","status":"publish","type":"page","link":"https:\/\/chicken59.com\/commande\/","title":{"rendered":"Notre Carte"},"content":{"rendered":"\n<center><div class=\"wp-block-button\"><a class=\"wp-block-button__link has-text-color has-very-light-gray-color has-background has-luminous-vivid-amber-to-luminous-vivid-orange-gradient-background\" href=\"tel:0759004925\">07 59 00 49 25<\/a><\/div><\/center>\n\n\n\n<p>INFO : Syst\u00e8me de commande en ligne en BETA Test, g\u00e9n\u00e9ralement lors de l&#8217;affichage du 1er produit, le chargement peut-\u00eatre plus au moins long (en fonction de votre connexion internet), il suffit simplement de patienter. Sinon n&#8217;h\u00e9sitez pas \u00e0 nous \u00e9crire via le Tchat ci-dessous ou appelez-nous au <a href=\"tel:0759004925\">07 59 00 49 25<\/a> si besoin. <\/p>\n\n\n\n<p>Vous pouvez \u00e9galement nous envoyer votre commande via Whatsapp sur le m\u00eame num\u00e9ro \u00e0 savoir le <a href=\"tel:0759004925\">07 59 00 49 25<\/a><\/p>\n\n\n <div class=\"woofood-accordion\"> <a class=\"collapsed\" data-toggle=\"collapse\" data-target=\"#wf-accordion-burger\" href=\"#wf-accordion-burger\" aria-expanded=\"false\" aria-controls=\"collapseThree\">  <div class=\"panel-heading panel-heading-title\" style=\"\n          \n              background:;\n            \"\n            ><h4 class=\"panel-title\" style=\"color: \">Burger<\/h4> <div class=\"accordion-plus-icon\" >\n<i class=\"woofood-icon-plus-circled\" style=\"color: \" ><\/i> \n<\/div>  <\/div><\/a>  <div id=\"wf-accordion-burger\" class=\"panel-collapse collapse\" role=\"tabpanel\" aria-labelledby=\"headingThree\">\n<div class=\"panel-body\"><div class=\"woofood-products-wrapper\"><ul class=\"woofood-products\">  <li class=\"woofood-product-loop \">\n    <div class=\"product-image\">\n        <img loading=\"lazy\" decoding=\"async\" width=\"60\" height=\"60\" src=\"https:\/\/chicken59.com\/commande\/wp-content\/uploads\/2020\/10\/Le-180-60x60.jpg\" class=\"attachment-woofood-accordion size-woofood-accordion wp-post-image\" alt=\"Le 180\" srcset=\"https:\/\/chicken59.com\/commande\/wp-content\/uploads\/2020\/10\/Le-180-60x60.jpg 60w, https:\/\/chicken59.com\/commande\/wp-content\/uploads\/2020\/10\/Le-180-300x300.jpg 300w, https:\/\/chicken59.com\/commande\/wp-content\/uploads\/2020\/10\/Le-180-150x150.jpg 150w, https:\/\/chicken59.com\/commande\/wp-content\/uploads\/2020\/10\/Le-180-600x600.jpg 600w, https:\/\/chicken59.com\/commande\/wp-content\/uploads\/2020\/10\/Le-180-100x100.jpg 100w, https:\/\/chicken59.com\/commande\/wp-content\/uploads\/2020\/10\/Le-180.jpg 700w\" sizes=\"(max-width: 60px) 100vw, 60px\" \/>  <\/div>\n    <div class=\"product-title\">\n<span>Le 180 &#8211; 8\u20ac (+3\u20ac en menu)<\/span>\n        <div class=\"product-short-descr\">\n    <span>Pain mega, 1 steak 180g, salade, 3 cheddars, sauce Biggy.<\/span>\n    <\/div>\n      <\/div>\n  <div class=\"product-price\">\n    <\/div>\n  <div class=\"product-button\">\n      \n    <a qv-id=\"3695\" class=\"woofood-quickview-button button\">Select<\/a>\n  \n    \n<\/div>\n<\/li>\n  <li class=\"woofood-product-loop \">\n    <div class=\"product-image\">\n        <img loading=\"lazy\" decoding=\"async\" width=\"60\" height=\"60\" src=\"https:\/\/chicken59.com\/commande\/wp-content\/uploads\/2020\/10\/Le-pepper-1-60x60.jpg\" class=\"attachment-woofood-accordion size-woofood-accordion wp-post-image\" alt=\"Le Pepper\" srcset=\"https:\/\/chicken59.com\/commande\/wp-content\/uploads\/2020\/10\/Le-pepper-1-60x60.jpg 60w, https:\/\/chicken59.com\/commande\/wp-content\/uploads\/2020\/10\/Le-pepper-1-300x300.jpg 300w, https:\/\/chicken59.com\/commande\/wp-content\/uploads\/2020\/10\/Le-pepper-1-150x150.jpg 150w, https:\/\/chicken59.com\/commande\/wp-content\/uploads\/2020\/10\/Le-pepper-1-600x600.jpg 600w, https:\/\/chicken59.com\/commande\/wp-content\/uploads\/2020\/10\/Le-pepper-1-100x100.jpg 100w, https:\/\/chicken59.com\/commande\/wp-content\/uploads\/2020\/10\/Le-pepper-1.jpg 700w\" sizes=\"(max-width: 60px) 100vw, 60px\" \/>  <\/div>\n    <div class=\"product-title\">\n<span>Le Pepper &#8211; 8\u20ac (+3\u20ac en menu)<\/span>\n        <div class=\"product-short-descr\">\n    <span>1 steak de 150g, galette de pomme de terre, salade, cheddar, sauce poivre.<\/span>\n    <\/div>\n      <\/div>\n  <div class=\"product-price\">\n    <\/div>\n  <div class=\"product-button\">\n      \n    <a qv-id=\"3696\" class=\"woofood-quickview-button button\">Select<\/a>\n  \n    \n<\/div>\n<\/li>\n  <li class=\"woofood-product-loop \">\n    <div class=\"product-image\">\n        <img loading=\"lazy\" decoding=\"async\" width=\"60\" height=\"60\" src=\"https:\/\/chicken59.com\/commande\/wp-content\/uploads\/2020\/10\/raclette-60x60.jpg\" class=\"attachment-woofood-accordion size-woofood-accordion wp-post-image\" alt=\"Le Burger Raclette\" srcset=\"https:\/\/chicken59.com\/commande\/wp-content\/uploads\/2020\/10\/raclette-60x60.jpg 60w, https:\/\/chicken59.com\/commande\/wp-content\/uploads\/2020\/10\/raclette-300x300.jpg 300w, https:\/\/chicken59.com\/commande\/wp-content\/uploads\/2020\/10\/raclette-150x150.jpg 150w, https:\/\/chicken59.com\/commande\/wp-content\/uploads\/2020\/10\/raclette-600x600.jpg 600w, https:\/\/chicken59.com\/commande\/wp-content\/uploads\/2020\/10\/raclette-100x100.jpg 100w, https:\/\/chicken59.com\/commande\/wp-content\/uploads\/2020\/10\/raclette.jpg 700w\" sizes=\"(max-width: 60px) 100vw, 60px\" \/>  <\/div>\n    <div class=\"product-title\">\n<span>Le Raclette &#8211; 8\u20ac (+3\u20ac en menu)<\/span>\n        <div class=\"product-short-descr\">\n    <span>1 steak 150g, 2 fromages \u00e0 raclette, salade, sauce Pita.<\/span>\n    <\/div>\n      <\/div>\n  <div class=\"product-price\">\n    <\/div>\n  <div class=\"product-button\">\n      \n    <a qv-id=\"3698\" class=\"woofood-quickview-button button\">Select<\/a>\n  \n    \n<\/div>\n<\/li>\n  <li class=\"woofood-product-loop \">\n    <div class=\"product-image\">\n        <img loading=\"lazy\" decoding=\"async\" width=\"60\" height=\"60\" src=\"https:\/\/chicken59.com\/commande\/wp-content\/uploads\/2020\/10\/Chicken-Delice-60x60.jpg\" class=\"attachment-woofood-accordion size-woofood-accordion wp-post-image\" alt=\"\" srcset=\"https:\/\/chicken59.com\/commande\/wp-content\/uploads\/2020\/10\/Chicken-Delice-60x60.jpg 60w, https:\/\/chicken59.com\/commande\/wp-content\/uploads\/2020\/10\/Chicken-Delice-300x300.jpg 300w, https:\/\/chicken59.com\/commande\/wp-content\/uploads\/2020\/10\/Chicken-Delice-100x100.jpg 100w, https:\/\/chicken59.com\/commande\/wp-content\/uploads\/2020\/10\/Chicken-Delice-150x150.jpg 150w, https:\/\/chicken59.com\/commande\/wp-content\/uploads\/2020\/10\/Chicken-Delice.jpg 598w\" sizes=\"(max-width: 60px) 100vw, 60px\" \/>  <\/div>\n    <div class=\"product-title\">\n<span>Le Chicken D\u00e9lice &#8211; 8\u20ac (+3\u20ac en menu)<\/span>\n        <div class=\"product-short-descr\">\n    <span>Poulet pan\u00e9, galette de pommes de terre, cheddar, salade, tomates, sauce mayonnaise.<\/span>\n    <\/div>\n      <\/div>\n  <div class=\"product-price\">\n    <\/div>\n  <div class=\"product-button\">\n      \n    <a qv-id=\"3697\" class=\"woofood-quickview-button button\">Select<\/a>\n  \n    \n<\/div>\n<\/li>\n<\/ul><\/div>\n<\/div>\n<\/div>\n<\/div>\n\n <div class=\"woofood-accordion\"> <a class=\"collapsed\" data-toggle=\"collapse\" data-target=\"#wf-accordion-sandwich\" href=\"#wf-accordion-sandwich\" aria-expanded=\"false\" aria-controls=\"collapseThree\">  <div class=\"panel-heading panel-heading-title\" style=\"\n          \n              background:;\n            \"\n            ><h4 class=\"panel-title\" style=\"color: \">Sandwich<\/h4> <div class=\"accordion-plus-icon\" >\n<i class=\"woofood-icon-plus-circled\" style=\"color: \" ><\/i> \n<\/div>  <\/div><\/a>  <div id=\"wf-accordion-sandwich\" class=\"panel-collapse collapse\" role=\"tabpanel\" aria-labelledby=\"headingThree\">\n<div class=\"panel-body\"><div class=\"woofood-products-wrapper\"><ul class=\"woofood-products\">  <li class=\"woofood-product-loop \">\n    <div class=\"product-image\">\n        <img loading=\"lazy\" decoding=\"async\" width=\"60\" height=\"60\" src=\"https:\/\/chicken59.com\/commande\/wp-content\/uploads\/2020\/10\/chicken-wraps-60x60.jpg\" class=\"attachment-woofood-accordion size-woofood-accordion wp-post-image\" alt=\"\" srcset=\"https:\/\/chicken59.com\/commande\/wp-content\/uploads\/2020\/10\/chicken-wraps-60x60.jpg 60w, https:\/\/chicken59.com\/commande\/wp-content\/uploads\/2020\/10\/chicken-wraps-300x300.jpg 300w, https:\/\/chicken59.com\/commande\/wp-content\/uploads\/2020\/10\/chicken-wraps-150x150.jpg 150w, https:\/\/chicken59.com\/commande\/wp-content\/uploads\/2020\/10\/chicken-wraps-600x600.jpg 600w, https:\/\/chicken59.com\/commande\/wp-content\/uploads\/2020\/10\/chicken-wraps-100x100.jpg 100w, https:\/\/chicken59.com\/commande\/wp-content\/uploads\/2020\/10\/chicken-wraps.jpg 700w\" sizes=\"(max-width: 60px) 100vw, 60px\" \/>  <\/div>\n    <div class=\"product-title\">\n<span>Le Chicken Wrap &#8211; 7\u20ac (+3\u20ac en menu)<\/span>\n        <div class=\"product-short-descr\">\n    <span>Galette de bl\u00e9, Tenders, 3 tranches de cheddars, salade, tomate, sauce mayo.<\/span>\n    <\/div>\n      <\/div>\n  <div class=\"product-price\">\n    <\/div>\n  <div class=\"product-button\">\n      \n    <a qv-id=\"3699\" class=\"woofood-quickview-button button\">Select<\/a>\n  \n    \n<\/div>\n<\/li>\n  <li class=\"woofood-product-loop \">\n    <div class=\"product-image\">\n        <img loading=\"lazy\" decoding=\"async\" width=\"60\" height=\"60\" src=\"https:\/\/chicken59.com\/commande\/wp-content\/uploads\/2020\/10\/Long-Bacon-60x60.jpg\" class=\"attachment-woofood-accordion size-woofood-accordion wp-post-image\" alt=\"\" srcset=\"https:\/\/chicken59.com\/commande\/wp-content\/uploads\/2020\/10\/Long-Bacon-60x60.jpg 60w, https:\/\/chicken59.com\/commande\/wp-content\/uploads\/2020\/10\/Long-Bacon-300x300.jpg 300w, https:\/\/chicken59.com\/commande\/wp-content\/uploads\/2020\/10\/Long-Bacon-100x100.jpg 100w, https:\/\/chicken59.com\/commande\/wp-content\/uploads\/2020\/10\/Long-Bacon-150x150.jpg 150w, https:\/\/chicken59.com\/commande\/wp-content\/uploads\/2020\/10\/Long-Bacon.jpg 598w\" sizes=\"(max-width: 60px) 100vw, 60px\" \/>  <\/div>\n    <div class=\"product-title\">\n<span>Le Long Bacon &#8211; 7\u20ac (+3\u20ac en menu)<\/span>\n        <div class=\"product-short-descr\">\n    <span>3 steaks 45g, 2 tranches de cheddars, salade, bacon de dinde, sauce barbecue.<\/span>\n    <\/div>\n      <\/div>\n  <div class=\"product-price\">\n    <\/div>\n  <div class=\"product-button\">\n      \n    <a qv-id=\"3701\" class=\"woofood-quickview-button button\">Select<\/a>\n  \n    \n<\/div>\n<\/li>\n<\/ul><\/div>\n<\/div>\n<\/div>\n<\/div>\n\n <div class=\"woofood-accordion\"> <a class=\"collapsed\" data-toggle=\"collapse\" data-target=\"#wf-accordion-texmex\" href=\"#wf-accordion-texmex\" aria-expanded=\"false\" aria-controls=\"collapseThree\">  <div class=\"panel-heading panel-heading-title\" style=\"\n          \n              background:;\n            \"\n            ><h4 class=\"panel-title\" style=\"color: \">TexMex<\/h4> <div class=\"accordion-plus-icon\" >\n<i class=\"woofood-icon-plus-circled\" style=\"color: \" ><\/i> \n<\/div>  <\/div><\/a>  <div id=\"wf-accordion-texmex\" class=\"panel-collapse collapse\" role=\"tabpanel\" aria-labelledby=\"headingThree\">\n<div class=\"panel-body\"><div class=\"woofood-products-wrapper\"><ul class=\"woofood-products\">  <li class=\"woofood-product-loop \">\n    <div class=\"product-image\">\n        <img loading=\"lazy\" decoding=\"async\" width=\"60\" height=\"60\" src=\"https:\/\/chicken59.com\/commande\/wp-content\/uploads\/2020\/10\/nuggets-60x60.jpg\" class=\"attachment-woofood-accordion size-woofood-accordion wp-post-image\" alt=\"\" srcset=\"https:\/\/chicken59.com\/commande\/wp-content\/uploads\/2020\/10\/nuggets-60x60.jpg 60w, https:\/\/chicken59.com\/commande\/wp-content\/uploads\/2020\/10\/nuggets-300x300.jpg 300w, https:\/\/chicken59.com\/commande\/wp-content\/uploads\/2020\/10\/nuggets-100x100.jpg 100w, https:\/\/chicken59.com\/commande\/wp-content\/uploads\/2020\/10\/nuggets-150x150.jpg 150w, https:\/\/chicken59.com\/commande\/wp-content\/uploads\/2020\/10\/nuggets.jpg 598w\" sizes=\"(max-width: 60px) 100vw, 60px\" \/>  <\/div>\n    <div class=\"product-title\">\n<span>Nuggets X6 &#8211; 4\u20ac<\/span>\n        <div class=\"product-short-descr\">\n    <span><\/span>\n    <\/div>\n      <\/div>\n  <div class=\"product-price\">\n    <\/div>\n  <div class=\"product-button\">\n      \n    <a qv-id=\"3753\" class=\"woofood-quickview-button button\">Select<\/a>\n  \n    \n<\/div>\n<\/li>\n  <li class=\"woofood-product-loop \">\n    <div class=\"product-image\">\n        <img loading=\"lazy\" decoding=\"async\" width=\"60\" height=\"60\" src=\"https:\/\/chicken59.com\/commande\/wp-content\/uploads\/2020\/10\/frites-60x60.jpg\" class=\"attachment-woofood-accordion size-woofood-accordion wp-post-image\" alt=\"\" srcset=\"https:\/\/chicken59.com\/commande\/wp-content\/uploads\/2020\/10\/frites-60x60.jpg 60w, https:\/\/chicken59.com\/commande\/wp-content\/uploads\/2020\/10\/frites-300x300.jpg 300w, https:\/\/chicken59.com\/commande\/wp-content\/uploads\/2020\/10\/frites-100x100.jpg 100w, https:\/\/chicken59.com\/commande\/wp-content\/uploads\/2020\/10\/frites-150x150.jpg 150w, https:\/\/chicken59.com\/commande\/wp-content\/uploads\/2020\/10\/frites.jpg 598w\" sizes=\"(max-width: 60px) 100vw, 60px\" \/>  <\/div>\n    <div class=\"product-title\">\n<span>Portion Frites &#8211; 2,50\u20ac<\/span>\n        <div class=\"product-short-descr\">\n    <span><\/span>\n    <\/div>\n      <\/div>\n  <div class=\"product-price\">\n    <\/div>\n  <div class=\"product-button\">\n      \n    <a qv-id=\"3754\" class=\"woofood-quickview-button button\">Select<\/a>\n  \n    \n<\/div>\n<\/li>\n  <li class=\"woofood-product-loop \">\n    <div class=\"product-image\">\n        <img loading=\"lazy\" decoding=\"async\" width=\"60\" height=\"60\" src=\"https:\/\/chicken59.com\/commande\/wp-content\/uploads\/2020\/10\/dblecheese-450x300-1-60x60.jpg\" class=\"attachment-woofood-accordion size-woofood-accordion wp-post-image\" alt=\"\" srcset=\"https:\/\/chicken59.com\/commande\/wp-content\/uploads\/2020\/10\/dblecheese-450x300-1-60x60.jpg 60w, https:\/\/chicken59.com\/commande\/wp-content\/uploads\/2020\/10\/dblecheese-450x300-1-150x150.jpg 150w, https:\/\/chicken59.com\/commande\/wp-content\/uploads\/2020\/10\/dblecheese-450x300-1-300x300.jpg 300w, https:\/\/chicken59.com\/commande\/wp-content\/uploads\/2020\/10\/dblecheese-450x300-1-100x100.jpg 100w\" sizes=\"(max-width: 60px) 100vw, 60px\" \/>  <\/div>\n    <div class=\"product-title\">\n<span>Le Double Cheese &#8211; 4\u20ac<\/span>\n        <div class=\"product-short-descr\">\n    <span><\/span>\n    <\/div>\n      <\/div>\n  <div class=\"product-price\">\n    <\/div>\n  <div class=\"product-button\">\n      \n    <a qv-id=\"3812\" class=\"woofood-quickview-button button\">Select<\/a>\n  \n    \n<\/div>\n<\/li>\n  <li class=\"woofood-product-loop \">\n    <div class=\"product-image\">\n        <img loading=\"lazy\" decoding=\"async\" width=\"60\" height=\"60\" src=\"https:\/\/chicken59.com\/commande\/wp-content\/uploads\/2020\/10\/cheese-60x60.jpg\" class=\"attachment-woofood-accordion size-woofood-accordion wp-post-image\" alt=\"\" srcset=\"https:\/\/chicken59.com\/commande\/wp-content\/uploads\/2020\/10\/cheese-60x60.jpg 60w, https:\/\/chicken59.com\/commande\/wp-content\/uploads\/2020\/10\/cheese-300x300.jpg 300w, https:\/\/chicken59.com\/commande\/wp-content\/uploads\/2020\/10\/cheese-100x100.jpg 100w, https:\/\/chicken59.com\/commande\/wp-content\/uploads\/2020\/10\/cheese-150x150.jpg 150w, https:\/\/chicken59.com\/commande\/wp-content\/uploads\/2020\/10\/cheese.jpg 598w\" sizes=\"(max-width: 60px) 100vw, 60px\" \/>  <\/div>\n    <div class=\"product-title\">\n<span>Le Cheese &#8211; 2\u20ac<\/span>\n        <div class=\"product-short-descr\">\n    <span><\/span>\n    <\/div>\n      <\/div>\n  <div class=\"product-price\">\n    <\/div>\n  <div class=\"product-button\">\n      \n    <a qv-id=\"3745\" class=\"woofood-quickview-button button\">Select<\/a>\n  \n    \n<\/div>\n<\/li>\n  <li class=\"woofood-product-loop \">\n    <div class=\"product-image\">\n        <img loading=\"lazy\" decoding=\"async\" width=\"60\" height=\"60\" src=\"https:\/\/chicken59.com\/commande\/wp-content\/uploads\/2020\/10\/tenders-60x60.jpg\" class=\"attachment-woofood-accordion size-woofood-accordion wp-post-image\" alt=\"\" srcset=\"https:\/\/chicken59.com\/commande\/wp-content\/uploads\/2020\/10\/tenders-60x60.jpg 60w, https:\/\/chicken59.com\/commande\/wp-content\/uploads\/2020\/10\/tenders-300x300.jpg 300w, https:\/\/chicken59.com\/commande\/wp-content\/uploads\/2020\/10\/tenders-100x100.jpg 100w, https:\/\/chicken59.com\/commande\/wp-content\/uploads\/2020\/10\/tenders-150x150.jpg 150w, https:\/\/chicken59.com\/commande\/wp-content\/uploads\/2020\/10\/tenders.jpg 598w\" sizes=\"(max-width: 60px) 100vw, 60px\" \/>  <\/div>\n    <div class=\"product-title\">\n<span>Tenders X4 &#8211; 5\u20ac<\/span>\n        <div class=\"product-short-descr\">\n    <span><\/span>\n    <\/div>\n      <\/div>\n  <div class=\"product-price\">\n    <\/div>\n  <div class=\"product-button\">\n      \n    <a qv-id=\"3752\" class=\"woofood-quickview-button button\">Select<\/a>\n  \n    \n<\/div>\n<\/li>\n  <li class=\"woofood-product-loop \">\n    <div class=\"product-image\">\n        <img loading=\"lazy\" decoding=\"async\" width=\"60\" height=\"60\" src=\"https:\/\/chicken59.com\/commande\/wp-content\/uploads\/2020\/07\/Wings-1-60x60.jpg\" class=\"attachment-woofood-accordion size-woofood-accordion wp-post-image\" alt=\"Wings\" srcset=\"https:\/\/chicken59.com\/commande\/wp-content\/uploads\/2020\/07\/Wings-1-60x60.jpg 60w, https:\/\/chicken59.com\/commande\/wp-content\/uploads\/2020\/07\/Wings-1-300x300.jpg 300w, https:\/\/chicken59.com\/commande\/wp-content\/uploads\/2020\/07\/Wings-1-150x150.jpg 150w, https:\/\/chicken59.com\/commande\/wp-content\/uploads\/2020\/07\/Wings-1-600x600.jpg 600w, https:\/\/chicken59.com\/commande\/wp-content\/uploads\/2020\/07\/Wings-1-100x100.jpg 100w, https:\/\/chicken59.com\/commande\/wp-content\/uploads\/2020\/07\/Wings-1.jpg 700w\" sizes=\"(max-width: 60px) 100vw, 60px\" \/>  <\/div>\n    <div class=\"product-title\">\n<span>Les Wings X4<\/span>\n        <div class=\"product-short-descr\">\n    <span><\/span>\n    <\/div>\n      <\/div>\n  <div class=\"product-price\">\n    <\/div>\n  <div class=\"product-button\">\n      \n    <a qv-id=\"3499\" class=\"woofood-quickview-button button\">Select<\/a>\n  \n    \n<\/div>\n<\/li>\n<\/ul><\/div>\n<\/div>\n<\/div>\n<\/div>\n\n <div class=\"woofood-accordion\"> <a class=\"collapsed\" data-toggle=\"collapse\" data-target=\"#wf-accordion-dessert\" href=\"#wf-accordion-dessert\" aria-expanded=\"false\" aria-controls=\"collapseThree\">  <div class=\"panel-heading panel-heading-title\" style=\"\n          \n              background:;\n            \"\n            ><h4 class=\"panel-title\" style=\"color: \">Dessert<\/h4> <div class=\"accordion-plus-icon\" >\n<i class=\"woofood-icon-plus-circled\" style=\"color: \" ><\/i> \n<\/div>  <\/div><\/a>  <div id=\"wf-accordion-dessert\" class=\"panel-collapse collapse\" role=\"tabpanel\" aria-labelledby=\"headingThree\">\n<div class=\"panel-body\"><div class=\"woofood-products-wrapper\"><ul class=\"woofood-products\">  <li class=\"woofood-product-loop \">\n    <div class=\"product-image\">\n        <img loading=\"lazy\" decoding=\"async\" width=\"60\" height=\"60\" src=\"https:\/\/chicken59.com\/commande\/wp-content\/uploads\/2020\/01\/panini-nutella-60x60.jpg\" class=\"attachment-woofood-accordion size-woofood-accordion wp-post-image\" alt=\"\" srcset=\"https:\/\/chicken59.com\/commande\/wp-content\/uploads\/2020\/01\/panini-nutella-60x60.jpg 60w, https:\/\/chicken59.com\/commande\/wp-content\/uploads\/2020\/01\/panini-nutella-150x150.jpg 150w, https:\/\/chicken59.com\/commande\/wp-content\/uploads\/2020\/01\/panini-nutella-300x300.jpg 300w, https:\/\/chicken59.com\/commande\/wp-content\/uploads\/2020\/01\/panini-nutella-100x100.jpg 100w\" sizes=\"(max-width: 60px) 100vw, 60px\" \/>  <\/div>\n    <div class=\"product-title\">\n<span>Panini Nutella &#8211; 3\u20ac<\/span>\n        <div class=\"product-short-descr\">\n    <span><\/span>\n    <\/div>\n      <\/div>\n  <div class=\"product-price\">\n    <\/div>\n  <div class=\"product-button\">\n      \n    <a qv-id=\"1642\" class=\"woofood-quickview-button button\">Select<\/a>\n  \n    \n<\/div>\n<\/li>\n  <li class=\"woofood-product-loop \">\n    <div class=\"product-image\">\n        <img loading=\"lazy\" decoding=\"async\" width=\"60\" height=\"60\" src=\"https:\/\/chicken59.com\/commande\/wp-content\/uploads\/2020\/01\/tiramisu-1-60x60.jpg\" class=\"attachment-woofood-accordion size-woofood-accordion wp-post-image\" alt=\"\" srcset=\"https:\/\/chicken59.com\/commande\/wp-content\/uploads\/2020\/01\/tiramisu-1-60x60.jpg 60w, https:\/\/chicken59.com\/commande\/wp-content\/uploads\/2020\/01\/tiramisu-1-300x300.jpg 300w, https:\/\/chicken59.com\/commande\/wp-content\/uploads\/2020\/01\/tiramisu-1-100x100.jpg 100w, https:\/\/chicken59.com\/commande\/wp-content\/uploads\/2020\/01\/tiramisu-1-150x150.jpg 150w, https:\/\/chicken59.com\/commande\/wp-content\/uploads\/2020\/01\/tiramisu-1.jpg 598w\" sizes=\"(max-width: 60px) 100vw, 60px\" \/>  <\/div>\n    <div class=\"product-title\">\n<span>Tiramisu &#8211; 3\u20ac<\/span>\n        <div class=\"product-short-descr\">\n    <span>Au choix : Tiramisu Oreo, Tiramisu Chocolat, Tiramisu Sp\u00e9culoos, Tiramisu Cookies<\/span>\n    <\/div>\n      <\/div>\n  <div class=\"product-price\">\n    <\/div>\n  <div class=\"product-button\">\n      \n    <a qv-id=\"1640\" class=\"woofood-quickview-button button\">Select<\/a>\n  \n    \n<\/div>\n<\/li>\n<\/ul><\/div>\n<\/div>\n<\/div>\n<\/div>\n\n <div class=\"woofood-accordion\"> <a class=\"collapsed\" data-toggle=\"collapse\" data-target=\"#wf-accordion-boisson\" href=\"#wf-accordion-boisson\" aria-expanded=\"false\" aria-controls=\"collapseThree\">  <div class=\"panel-heading panel-heading-title\" style=\"\n          \n              background:;\n            \"\n            ><h4 class=\"panel-title\" style=\"color: \">Boisson<\/h4> <div class=\"accordion-plus-icon\" >\n<i class=\"woofood-icon-plus-circled\" style=\"color: \" ><\/i> \n<\/div>  <\/div><\/a>  <div id=\"wf-accordion-boisson\" class=\"panel-collapse collapse\" role=\"tabpanel\" aria-labelledby=\"headingThree\">\n<div class=\"panel-body\"><div class=\"woofood-products-wrapper\"><ul class=\"woofood-products\">  <li class=\"woofood-product-loop \">\n    <div class=\"product-image\">\n        <img loading=\"lazy\" decoding=\"async\" width=\"60\" height=\"60\" src=\"https:\/\/chicken59.com\/commande\/wp-content\/uploads\/2020\/01\/bouteille-1-60x60.jpg\" class=\"attachment-woofood-accordion size-woofood-accordion wp-post-image\" alt=\"\" srcset=\"https:\/\/chicken59.com\/commande\/wp-content\/uploads\/2020\/01\/bouteille-1-60x60.jpg 60w, https:\/\/chicken59.com\/commande\/wp-content\/uploads\/2020\/01\/bouteille-1-300x300.jpg 300w, https:\/\/chicken59.com\/commande\/wp-content\/uploads\/2020\/01\/bouteille-1-100x100.jpg 100w, https:\/\/chicken59.com\/commande\/wp-content\/uploads\/2020\/01\/bouteille-1-150x150.jpg 150w, https:\/\/chicken59.com\/commande\/wp-content\/uploads\/2020\/01\/bouteille-1.jpg 598w\" sizes=\"(max-width: 60px) 100vw, 60px\" \/>  <\/div>\n    <div class=\"product-title\">\n<span>Boisson (bouteille) &#8211; 3,50\u20ac<\/span>\n        <div class=\"product-short-descr\">\n    <span>Au choix : Coca Cola 1.25L, Ice Tea 1.5L, Tropico 1.5L<\/span>\n    <\/div>\n      <\/div>\n  <div class=\"product-price\">\n    <\/div>\n  <div class=\"product-button\">\n      \n    <a qv-id=\"1644\" class=\"woofood-quickview-button button\">Select<\/a>\n  \n    \n<\/div>\n<\/li>\n  <li class=\"woofood-product-loop \">\n    <div class=\"product-image\">\n        <img loading=\"lazy\" decoding=\"async\" width=\"60\" height=\"60\" src=\"https:\/\/chicken59.com\/commande\/wp-content\/uploads\/2020\/01\/boisson-1-60x60.jpg\" class=\"attachment-woofood-accordion size-woofood-accordion wp-post-image\" alt=\"\" srcset=\"https:\/\/chicken59.com\/commande\/wp-content\/uploads\/2020\/01\/boisson-1-60x60.jpg 60w, https:\/\/chicken59.com\/commande\/wp-content\/uploads\/2020\/01\/boisson-1-300x300.jpg 300w, https:\/\/chicken59.com\/commande\/wp-content\/uploads\/2020\/01\/boisson-1-100x100.jpg 100w, https:\/\/chicken59.com\/commande\/wp-content\/uploads\/2020\/01\/boisson-1-150x150.jpg 150w, https:\/\/chicken59.com\/commande\/wp-content\/uploads\/2020\/01\/boisson-1.jpg 598w\" sizes=\"(max-width: 60px) 100vw, 60px\" \/>  <\/div>\n    <div class=\"product-title\">\n<span>Boisson 33cl &#8211; 1,80\u20ac<\/span>\n        <div class=\"product-short-descr\">\n    <span>Au choix : Coca Cola, Coca Cola Zero, Coca Cola Cherry, Oasis Tropical, Ice Tea, Orangina, 7up Mojito, Pom&#8217;s, Hawa\u00ef<\/span>\n    <\/div>\n      <\/div>\n  <div class=\"product-price\">\n    <\/div>\n  <div class=\"product-button\">\n      \n    <a qv-id=\"1646\" class=\"woofood-quickview-button button\">Select<\/a>\n  \n    \n<\/div>\n<\/li>\n<\/ul><\/div>\n<\/div>\n<\/div>\n<\/div>\n\n\n<center><div class=\"wp-block-button\"><a class=\"wp-block-button__link has-text-color has-very-light-gray-color has-background has-luminous-vivid-amber-to-luminous-vivid-orange-gradient-background\" href=\"tel:0759004925\">07 59 00 49 25<\/a><\/div><\/center>\n","protected":false},"excerpt":{"rendered":"<p>07 59 00 49 25 INFO : Syst\u00e8me de commande en ligne en BETA Test, g\u00e9n\u00e9ralement lors de l&#8217;affichage du 1er produit, le chargement peut-\u00eatre plus au moins long (en fonction de votre connexion internet), il suffit simplement de patienter. Sinon n&#8217;h\u00e9sitez pas \u00e0 nous \u00e9crire via le Tchat ci-dessous ou appelez-nous au 07 59 [&hellip;]<\/p>\n","protected":false},"author":1,"featured_media":0,"parent":0,"menu_order":0,"comment_status":"closed","ping_status":"closed","template":"","meta":{"footnotes":""},"_links":{"self":[{"href":"https:\/\/chicken59.com\/commande\/wp-json\/wp\/v2\/pages\/1069"}],"collection":[{"href":"https:\/\/chicken59.com\/commande\/wp-json\/wp\/v2\/pages"}],"about":[{"href":"https:\/\/chicken59.com\/commande\/wp-json\/wp\/v2\/types\/page"}],"author":[{"embeddable":true,"href":"https:\/\/chicken59.com\/commande\/wp-json\/wp\/v2\/users\/1"}],"replies":[{"embeddable":true,"href":"https:\/\/chicken59.com\/commande\/wp-json\/wp\/v2\/comments?post=1069"}],"version-history":[{"count":21,"href":"https:\/\/chicken59.com\/commande\/wp-json\/wp\/v2\/pages\/1069\/revisions"}],"predecessor-version":[{"id":4664,"href":"https:\/\/chicken59.com\/commande\/wp-json\/wp\/v2\/pages\/1069\/revisions\/4664"}],"wp:attachment":[{"href":"https:\/\/chicken59.com\/commande\/wp-json\/wp\/v2\/media?parent=1069"}],"curies":[{"name":"wp","href":"https:\/\/api.w.org\/{rel}","templated":true}]}}